{"id":43,"date":"2025-11-26T21:28:38","date_gmt":"2025-11-26T20:28:38","guid":{"rendered":"http:\/\/kurierkrakow.com\/?page_id=43"},"modified":"2025-11-26T21:39:39","modified_gmt":"2025-11-26T20:39:39","slug":"uslugi-poligraficzne","status":"publish","type":"page","link":"https:\/\/kurierkrakow.com\/?page_id=43","title":{"rendered":"Us\u0142ugi poligraficzne"},"content":{"rendered":"\t\t<div data-elementor-type=\"wp-page\" data-elementor-id=\"43\" class=\"elementor elementor-43\">\n\t\t\t\t<div class=\"elementor-element elementor-element-a41d4f9 e-flex e-con-boxed e-con e-parent\" data-id=\"a41d4f9\" data-element_type=\"container\" data-e-type=\"container\">\n\t\t\t\t\t<div class=\"e-con-inner\">\n\t\t\t\t<div class=\"elementor-element elementor-element-24c4e00 elementor-widget elementor-widget-text-editor\" data-id=\"24c4e00\" data-element_type=\"widget\" data-e-type=\"widget\" data-widget_type=\"text-editor.default\">\n\t\t\t\t\t\t\t\t\t<h4 style=\"font-style: normal; padding: 20px 10px; background: 0px 0px repeat #eeeeee; display: inline-block; font-size: 40px; font-weight: 300; transform: rotate(-1deg); caret-color: #383838; color: #383838; font-family: 'open sans', arial, tahoma;\"><span style=\"margin: 0px; padding: 0px; color: #800000;\"><span style=\"margin: 0px; padding: 0px; color: #000000;\">Us\u0142ugi poligraficzne &#8211; <span style=\"margin: 0px; padding: 0px; color: #ff0000;\"> od projektu po wykonanie<\/span><\/span><\/span><\/h4>\t\t\t\t\t\t\t\t<\/div>\n\t\t\t\t\t<\/div>\n\t\t\t\t<\/div>\n\t\t<div class=\"elementor-element elementor-element-bd1b782 e-flex e-con-boxed e-con e-parent\" data-id=\"bd1b782\" data-element_type=\"container\" data-e-type=\"container\">\n\t\t\t\t\t<div class=\"e-con-inner\">\n\t\t\t\t<div class=\"elementor-element elementor-element-26e7731 elementor-widget elementor-widget-text-editor\" data-id=\"26e7731\" data-element_type=\"widget\" data-e-type=\"widget\" data-widget_type=\"text-editor.default\">\n\t\t\t\t\t\t\t\t\t<p data-start=\"87\" data-end=\"444\">W Mail Boxes Etc. Krak\u00f3w oferujemy kompleksowe us\u0142ugi poligraficzne, kt\u00f3re pozwol\u0105 Ci wyr\u00f3\u017cni\u0107 Twoj\u0105 mark\u0119. Drukujemy materia\u0142y zar\u00f3wno w ma\u0142ych, jak i du\u017cych nak\u0142adach \u2014 od wizyt\u00f3wek, ulotek i plakat\u00f3w, po katalogi, etykiety czy opakowania. Zapewniamy wysok\u0105 jako\u015b\u0107 wykonania, nowoczesne technologie druku oraz pe\u0142ne wsparcie na ka\u017cdym etapie realizacji.<\/p>\n<p data-start=\"446\" data-end=\"700\">Dopasujemy projekt do Twoich potrzeb, zadbamy o odpowiednie wyko\u0144czenie i przygotujemy materia\u0142y gotowe do u\u017cytku lub wysy\u0142ki. Dzi\u0119ki naszej obs\u0142udze mo\u017cesz liczy\u0107 na szybki czas realizacji, estetyczne efekty i sp\u00f3jn\u0105 identyfikacj\u0119 wizualn\u0105 Twojej marki.<\/p>\n<p data-start=\"446\" data-end=\"700\"><\/p>\n<h4 style=\"font-style: normal; padding: 5px 10px; background: 0px 0px repeat #eeeeee; display: inline-block; font-size: 25px; font-weight: 300; transform: rotate(-1deg); caret-color: #383838; color: #383838; font-family: 'open sans', arial, tahoma;\"><span style=\"margin: 0px; padding: 0px; color: #800000;\"><span style=\"margin: 0px; padding: 0px; color: #000000;\">Potrzebujesz profesjonalnych materia\u0142\u00f3w drukowanych? Skontaktuj si\u0119 z nami i zam\u00f3w druk dopasowany do Twoich potrzeb.<\/span><\/span><\/h4>\t\t\t\t\t\t\t\t<\/div>\n\t\t\t\t\t<\/div>\n\t\t\t\t<\/div>\n\t\t\t\t<\/div>\n\t\t","protected":false},"excerpt":{"rendered":"<p>Us\u0142ugi poligraficzne &#8211; od projektu po wykonanie W Mail Boxes Etc. Krak\u00f3w oferujemy kompleksowe us\u0142ugi poligraficzne, kt\u00f3re pozwol\u0105 Ci wyr\u00f3\u017cni\u0107 [&hellip;]<\/p>\n","protected":false},"author":1,"featured_media":0,"parent":0,"menu_order":0,"comment_status":"closed","ping_status":"closed","template":"","meta":{"site-sidebar-layout":"no-sidebar","site-content-layout":"","ast-site-content-layout":"full-width-container","site-content-style":"default","site-sidebar-style":"default","ast-global-header-display":"","ast-banner-title-visibility":"","ast-main-header-display":"","ast-hfb-above-header-display":"","ast-hfb-below-header-display":"","ast-hfb-mobile-header-display":"","site-post-title":"disabled","ast-breadcrumbs-content":"","ast-featured-img":"disabled","footer-sml-layout":"","ast-disable-related-posts":"","theme-transparent-header-meta":"","adv-header-id-meta":"","stick-header-meta":"","header-above-stick-meta":"","header-main-stick-meta":"","header-below-stick-meta":"","astra-migrate-meta-layouts":"default","ast-page-background-enabled":"default","ast-page-background-meta":{"desktop":{"background-color":"var(--ast-global-color-5)","background-image":"","background-repeat":"repeat","background-position":"center center","background-size":"auto","background-attachment":"scroll","background-type":"","background-media":"","overlay-type":"","overlay-color":"","overlay-opacity":"","overlay-gradient":""},"tablet":{"background-color":"","background-image":"","background-repeat":"repeat","background-position":"center center","background-size":"auto","background-attachment":"scroll","background-type":"","background-media":"","overlay-type":"","overlay-color":"","overlay-opacity":"","overlay-gradient":""},"mobile":{"background-color":"","background-image":"","background-repeat":"repeat","background-position":"center center","background-size":"auto","background-attachment":"scroll","background-type":"","background-media":"","overlay-type":"","overlay-color":"","overlay-opacity":"","overlay-gradient":""}},"ast-content-background-meta":{"desktop":{"background-color":"var(--ast-global-color-4)","background-image":"","background-repeat":"repeat","background-position":"center center","background-size":"auto","background-attachment":"scroll","background-type":"","background-media":"","overlay-type":"","overlay-color":"","overlay-opacity":"","overlay-gradient":""},"tablet":{"background-color":"var(--ast-global-color-4)","background-image":"","background-repeat":"repeat","background-position":"center center","background-size":"auto","background-attachment":"scroll","background-type":"","background-media":"","overlay-type":"","overlay-color":"","overlay-opacity":"","overlay-gradient":""},"mobile":{"background-color":"var(--ast-global-color-4)","background-image":"","background-repeat":"repeat","background-position":"center center","background-size":"auto","background-attachment":"scroll","background-type":"","background-media":"","overlay-type":"","overlay-color":"","overlay-opacity":"","overlay-gradient":""}},"footnotes":""},"class_list":["post-43","page","type-page","status-publish","hentry"],"yoast_head":"<!-- This site is optimized with the Yoast SEO plugin v27.4 - https:\/\/yoast.com\/product\/yoast-seo-wordpress\/ -->\n<title>Us\u0142ugi poligraficzne - Kurier Krak\u00f3w Mail Boxes Etc.<\/title>\n<meta name=\"robots\" content=\"index, follow, max-snippet:-1, max-image-preview:large, max-video-preview:-1\" \/>\n<link rel=\"canonical\" href=\"http:\/\/kurierkrakow.com\/?page_id=43\" \/>\n<meta property=\"og:locale\" content=\"en_US\" \/>\n<meta property=\"og:type\" content=\"article\" \/>\n<meta property=\"og:title\" content=\"Us\u0142ugi poligraficzne - Kurier Krak\u00f3w Mail Boxes Etc.\" \/>\n<meta property=\"og:description\" content=\"Us\u0142ugi poligraficzne &#8211; od projektu po wykonanie W Mail Boxes Etc. Krak\u00f3w oferujemy kompleksowe us\u0142ugi poligraficzne, kt\u00f3re pozwol\u0105 Ci wyr\u00f3\u017cni\u0107 [&hellip;]\" \/>\n<meta property=\"og:url\" content=\"http:\/\/kurierkrakow.com\/?page_id=43\" \/>\n<meta property=\"og:site_name\" content=\"Kurier Krak\u00f3w Mail Boxes Etc.\" \/>\n<meta property=\"article:modified_time\" content=\"2025-11-26T20:39:39+00:00\" \/>\n<meta name=\"twitter:label1\" content=\"Est. reading time\" \/>\n\t<meta name=\"twitter:data1\" content=\"1 minute\" \/>\n<script type=\"application\/ld+json\" class=\"yoast-schema-graph\">{\"@context\":\"https:\\\/\\\/schema.org\",\"@graph\":[{\"@type\":\"WebPage\",\"@id\":\"http:\\\/\\\/kurierkrakow.com\\\/?page_id=43\",\"url\":\"http:\\\/\\\/kurierkrakow.com\\\/?page_id=43\",\"name\":\"Us\u0142ugi poligraficzne - Kurier Krak\u00f3w Mail Boxes Etc.\",\"isPartOf\":{\"@id\":\"https:\\\/\\\/kurierkrakow.com\\\/#website\"},\"datePublished\":\"2025-11-26T20:28:38+00:00\",\"dateModified\":\"2025-11-26T20:39:39+00:00\",\"breadcrumb\":{\"@id\":\"http:\\\/\\\/kurierkrakow.com\\\/?page_id=43#breadcrumb\"},\"inLanguage\":\"en-US\",\"potentialAction\":[{\"@type\":\"ReadAction\",\"target\":[\"http:\\\/\\\/kurierkrakow.com\\\/?page_id=43\"]}]},{\"@type\":\"BreadcrumbList\",\"@id\":\"http:\\\/\\\/kurierkrakow.com\\\/?page_id=43#breadcrumb\",\"itemListElement\":[{\"@type\":\"ListItem\",\"position\":1,\"name\":\"Home\",\"item\":\"https:\\\/\\\/kurierkrakow.com\\\/\"},{\"@type\":\"ListItem\",\"position\":2,\"name\":\"Us\u0142ugi poligraficzne\"}]},{\"@type\":\"WebSite\",\"@id\":\"https:\\\/\\\/kurierkrakow.com\\\/#website\",\"url\":\"https:\\\/\\\/kurierkrakow.com\\\/\",\"name\":\"Kurier Krak\u00f3w Mail Boxes Etc.\",\"description\":\"\",\"publisher\":{\"@id\":\"https:\\\/\\\/kurierkrakow.com\\\/#organization\"},\"potentialAction\":[{\"@type\":\"SearchAction\",\"target\":{\"@type\":\"EntryPoint\",\"urlTemplate\":\"https:\\\/\\\/kurierkrakow.com\\\/?s={search_term_string}\"},\"query-input\":{\"@type\":\"PropertyValueSpecification\",\"valueRequired\":true,\"valueName\":\"search_term_string\"}}],\"inLanguage\":\"en-US\"},{\"@type\":\"Organization\",\"@id\":\"https:\\\/\\\/kurierkrakow.com\\\/#organization\",\"name\":\"Kurier Krak\u00f3w Mail Boxes Etc.\",\"url\":\"https:\\\/\\\/kurierkrakow.com\\\/\",\"logo\":{\"@type\":\"ImageObject\",\"inLanguage\":\"en-US\",\"@id\":\"https:\\\/\\\/kurierkrakow.com\\\/#\\\/schema\\\/logo\\\/image\\\/\",\"url\":\"https:\\\/\\\/kurierkrakow.com\\\/wp-content\\\/uploads\\\/2025\\\/11\\\/mbe.jpeg\",\"contentUrl\":\"https:\\\/\\\/kurierkrakow.com\\\/wp-content\\\/uploads\\\/2025\\\/11\\\/mbe.jpeg\",\"width\":738,\"height\":738,\"caption\":\"Kurier Krak\u00f3w Mail Boxes Etc.\"},\"image\":{\"@id\":\"https:\\\/\\\/kurierkrakow.com\\\/#\\\/schema\\\/logo\\\/image\\\/\"}}]}<\/script>\n<!-- \/ Yoast SEO plugin. -->","yoast_head_json":{"title":"Us\u0142ugi poligraficzne - Kurier Krak\u00f3w Mail Boxes Etc.","robots":{"index":"index","follow":"follow","max-snippet":"max-snippet:-1","max-image-preview":"max-image-preview:large","max-video-preview":"max-video-preview:-1"},"canonical":"http:\/\/kurierkrakow.com\/?page_id=43","og_locale":"en_US","og_type":"article","og_title":"Us\u0142ugi poligraficzne - Kurier Krak\u00f3w Mail Boxes Etc.","og_description":"Us\u0142ugi poligraficzne &#8211; od projektu po wykonanie W Mail Boxes Etc. Krak\u00f3w oferujemy kompleksowe us\u0142ugi poligraficzne, kt\u00f3re pozwol\u0105 Ci wyr\u00f3\u017cni\u0107 [&hellip;]","og_url":"http:\/\/kurierkrakow.com\/?page_id=43","og_site_name":"Kurier Krak\u00f3w Mail Boxes Etc.","article_modified_time":"2025-11-26T20:39:39+00:00","twitter_misc":{"Est. reading time":"1 minute"},"schema":{"@context":"https:\/\/schema.org","@graph":[{"@type":"WebPage","@id":"http:\/\/kurierkrakow.com\/?page_id=43","url":"http:\/\/kurierkrakow.com\/?page_id=43","name":"Us\u0142ugi poligraficzne - Kurier Krak\u00f3w Mail Boxes Etc.","isPartOf":{"@id":"https:\/\/kurierkrakow.com\/#website"},"datePublished":"2025-11-26T20:28:38+00:00","dateModified":"2025-11-26T20:39:39+00:00","breadcrumb":{"@id":"http:\/\/kurierkrakow.com\/?page_id=43#breadcrumb"},"inLanguage":"en-US","potentialAction":[{"@type":"ReadAction","target":["http:\/\/kurierkrakow.com\/?page_id=43"]}]},{"@type":"BreadcrumbList","@id":"http:\/\/kurierkrakow.com\/?page_id=43#breadcrumb","itemListElement":[{"@type":"ListItem","position":1,"name":"Home","item":"https:\/\/kurierkrakow.com\/"},{"@type":"ListItem","position":2,"name":"Us\u0142ugi poligraficzne"}]},{"@type":"WebSite","@id":"https:\/\/kurierkrakow.com\/#website","url":"https:\/\/kurierkrakow.com\/","name":"Kurier Krak\u00f3w Mail Boxes Etc.","description":"","publisher":{"@id":"https:\/\/kurierkrakow.com\/#organization"},"potentialAction":[{"@type":"SearchAction","target":{"@type":"EntryPoint","urlTemplate":"https:\/\/kurierkrakow.com\/?s={search_term_string}"},"query-input":{"@type":"PropertyValueSpecification","valueRequired":true,"valueName":"search_term_string"}}],"inLanguage":"en-US"},{"@type":"Organization","@id":"https:\/\/kurierkrakow.com\/#organization","name":"Kurier Krak\u00f3w Mail Boxes Etc.","url":"https:\/\/kurierkrakow.com\/","logo":{"@type":"ImageObject","inLanguage":"en-US","@id":"https:\/\/kurierkrakow.com\/#\/schema\/logo\/image\/","url":"https:\/\/kurierkrakow.com\/wp-content\/uploads\/2025\/11\/mbe.jpeg","contentUrl":"https:\/\/kurierkrakow.com\/wp-content\/uploads\/2025\/11\/mbe.jpeg","width":738,"height":738,"caption":"Kurier Krak\u00f3w Mail Boxes Etc."},"image":{"@id":"https:\/\/kurierkrakow.com\/#\/schema\/logo\/image\/"}}]}},"_links":{"self":[{"href":"https:\/\/kurierkrakow.com\/index.php?rest_route=\/wp\/v2\/pages\/43","targetHints":{"allow":["GET"]}}],"collection":[{"href":"https:\/\/kurierkrakow.com\/index.php?rest_route=\/wp\/v2\/pages"}],"about":[{"href":"https:\/\/kurierkrakow.com\/index.php?rest_route=\/wp\/v2\/types\/page"}],"author":[{"embeddable":true,"href":"https:\/\/kurierkrakow.com\/index.php?rest_route=\/wp\/v2\/users\/1"}],"replies":[{"embeddable":true,"href":"https:\/\/kurierkrakow.com\/index.php?rest_route=%2Fwp%2Fv2%2Fcomments&post=43"}],"version-history":[{"count":10,"href":"https:\/\/kurierkrakow.com\/index.php?rest_route=\/wp\/v2\/pages\/43\/revisions"}],"predecessor-version":[{"id":106,"href":"https:\/\/kurierkrakow.com\/index.php?rest_route=\/wp\/v2\/pages\/43\/revisions\/106"}],"wp:attachment":[{"href":"https:\/\/kurierkrakow.com\/index.php?rest_route=%2Fwp%2Fv2%2Fmedia&parent=43"}],"curies":[{"name":"wp","href":"https:\/\/api.w.org\/{rel}","templated":true}]}}