{"id":69,"date":"2025-11-26T21:34:20","date_gmt":"2025-11-26T20:34:20","guid":{"rendered":"http:\/\/kurierkrakow.com\/?page_id=69"},"modified":"2025-11-26T21:40:02","modified_gmt":"2025-11-26T20:40:02","slug":"uslugi-dla-e-commerce","status":"publish","type":"page","link":"https:\/\/kurierkrakow.com\/?page_id=69","title":{"rendered":"Us\u0142ugi dla e-commerce"},"content":{"rendered":"\t\t<div data-elementor-type=\"wp-page\" data-elementor-id=\"69\" class=\"elementor elementor-69\">\n\t\t\t\t<div class=\"elementor-element elementor-element-6f94b73 e-flex e-con-boxed e-con e-parent\" data-id=\"6f94b73\" data-element_type=\"container\" data-e-type=\"container\">\n\t\t\t\t\t<div class=\"e-con-inner\">\n\t\t\t\t<div class=\"elementor-element elementor-element-dcd10b9 elementor-widget elementor-widget-text-editor\" data-id=\"dcd10b9\" data-element_type=\"widget\" data-e-type=\"widget\" data-widget_type=\"text-editor.default\">\n\t\t\t\t\t\t\t\t\t<h4 style=\"font-style: normal; padding: 20px 10px; background: 0px 0px repeat #eeeeee; display: inline-block; font-size: 40px; font-weight: 300; transform: rotate(-1deg); caret-color: #383838; color: #383838; font-family: 'open sans', arial, tahoma;\"><span style=\"margin: 0px; padding: 0px; color: #800000;\"><span style=\"margin: 0px; padding: 0px; color: #000000;\">Us\u0142ugi dla e-commerce &#8211; <span style=\"margin: 0px; padding: 0px; color: #ff0000;\"> mikrologistyka, magazynowanie <\/span><\/span><\/span><\/h4>\n<h4 style=\"font-style: normal; padding: 20px 10px; background: 0px 0px repeat #eeeeee; display: inline-block; font-size: 40px; font-weight: 300; transform: rotate(-1deg); caret-color: #383838; color: #383838; font-family: 'open sans', arial, tahoma;\"><span style=\"margin: 0px; padding: 0px; color: #800000;\"><span style=\"margin: 0px; padding: 0px; color: #000000;\"><span style=\"margin: 0px; padding: 0px; color: #ff0000;\">i fullfilment<\/span><\/span><\/span><\/h4>\n<p>Fulfillment lub handling, to s\u0142owa z kt\u00f3rymi spotkasz si\u0119 prowadz\u0105c sklep internetowy.<\/p>\n<p>Zaczynasz e-Sprzeda\u017c, a Twoje mieszkanie zaczyna przypomina\u0107 magazyn? Wsz\u0119dzie masz pud\u0142a, karteczki, notatki i towar?<\/p>\n<p>Us\u0142uga Fulfillment to poj\u0119cie odnosz\u0105ce si\u0119 do logistycznej obs\u0142ugi Twojego sklepu.<\/p>\n<p>W zale\u017cno\u015bci od wybranego zakresu obs\u0142ugi, mo\u017cemy odebra\u0107 Tw\u00f3j towar od producenta, skompletowa\u0107 zam\u00f3wienie, spakowa\u0107 paczk\u0119, wydruokowa\u0107 etykiet\u0119, do\u0142\u0105czy\u0107 ulotki i wys\u0142a\u0107 do Twojego klienta.<\/p>\n<p>Nie musisz martwi\u0107 si\u0119 powierzchni\u0105 magazynow\u0105, bezpiecznym sk\u0142adowaniem w odpowiedniej\u00a0 temeraturze i wilgotno\u015bci. Nie musisz ponosi\u0107 koszt\u00f3w pracownik\u00f3w. Nie muszisz szuka\u0107 dostawcy karton\u00f3w, ta\u015bmy pakowej, foli b\u0105belkowej. To wszytko jest w naszym punkcie.\u00a0<\/p>\n<p>Obs\u0142uga reklamacji mo\u017ce r\u00f3wnie\u017c odbywa\u0107 si\u0119 za po\u015brednictwem naszego punktu.<\/p>\n<p>Mail Boxes Etc zajmuje si\u0119 mikrologistyk\u0105, co oznacza, \u017ce nie musisz mie\u0107 kilku tysi\u0119cy pozycji asortymentu, nie musisz wysy\u0142a\u0107 setek paczek miesi\u0119czenie. Pomo\u017cemy w rozwoju w\u0142a\u015bnie Twojej firmy. Zajmiemy si\u0119 magazynem, a Ty skup si\u0119 na swoich klientach.<\/p>\n<p>&nbsp;<\/p>\n<p>Zaprszamy do kontaktu. Magazyn w centrum Krakowa, ogrzewany, suchy z profesjonaln\u0105 obs\u0142ug\u0105.<\/p>\t\t\t\t\t\t\t\t<\/div>\n\t\t\t\t\t<\/div>\n\t\t\t\t<\/div>\n\t\t\t\t<\/div>\n\t\t","protected":false},"excerpt":{"rendered":"<p>Us\u0142ugi dla e-commerce &#8211; mikrologistyka, magazynowanie i fullfilment Fulfillment lub handling, to s\u0142owa z kt\u00f3rymi spotkasz si\u0119 prowadz\u0105c sklep internetowy. [&hellip;]<\/p>\n","protected":false},"author":1,"featured_media":0,"parent":0,"menu_order":0,"comment_status":"closed","ping_status":"closed","template":"","meta":{"site-sidebar-layout":"no-sidebar","site-content-layout":"","ast-site-content-layout":"full-width-container","site-content-style":"default","site-sidebar-style":"default","ast-global-header-display":"","ast-banner-title-visibility":"","ast-main-header-display":"","ast-hfb-above-header-display":"","ast-hfb-below-header-display":"","ast-hfb-mobile-header-display":"","site-post-title":"disabled","ast-breadcrumbs-content":"","ast-featured-img":"disabled","footer-sml-layout":"","ast-disable-related-posts":"","theme-transparent-header-meta":"","adv-header-id-meta":"","stick-header-meta":"","header-above-stick-meta":"","header-main-stick-meta":"","header-below-stick-meta":"","astra-migrate-meta-layouts":"default","ast-page-background-enabled":"default","ast-page-background-meta":{"desktop":{"background-color":"var(--ast-global-color-5)","background-image":"","background-repeat":"repeat","background-position":"center center","background-size":"auto","background-attachment":"scroll","background-type":"","background-media":"","overlay-type":"","overlay-color":"","overlay-opacity":"","overlay-gradient":""},"tablet":{"background-color":"","background-image":"","background-repeat":"repeat","background-position":"center center","background-size":"auto","background-attachment":"scroll","background-type":"","background-media":"","overlay-type":"","overlay-color":"","overlay-opacity":"","overlay-gradient":""},"mobile":{"background-color":"","background-image":"","background-repeat":"repeat","background-position":"center center","background-size":"auto","background-attachment":"scroll","background-type":"","background-media":"","overlay-type":"","overlay-color":"","overlay-opacity":"","overlay-gradient":""}},"ast-content-background-meta":{"desktop":{"background-color":"var(--ast-global-color-4)","background-image":"","background-repeat":"repeat","background-position":"center center","background-size":"auto","background-attachment":"scroll","background-type":"","background-media":"","overlay-type":"","overlay-color":"","overlay-opacity":"","overlay-gradient":""},"tablet":{"background-color":"var(--ast-global-color-4)","background-image":"","background-repeat":"repeat","background-position":"center center","background-size":"auto","background-attachment":"scroll","background-type":"","background-media":"","overlay-type":"","overlay-color":"","overlay-opacity":"","overlay-gradient":""},"mobile":{"background-color":"var(--ast-global-color-4)","background-image":"","background-repeat":"repeat","background-position":"center center","background-size":"auto","background-attachment":"scroll","background-type":"","background-media":"","overlay-type":"","overlay-color":"","overlay-opacity":"","overlay-gradient":""}},"footnotes":""},"class_list":["post-69","page","type-page","status-publish","hentry"],"yoast_head":"<!-- This site is optimized with the Yoast SEO plugin v27.4 - https:\/\/yoast.com\/product\/yoast-seo-wordpress\/ -->\n<title>Us\u0142ugi dla e-commerce - Kurier Krak\u00f3w Mail Boxes Etc.<\/title>\n<meta name=\"robots\" content=\"index, follow, max-snippet:-1, max-image-preview:large, max-video-preview:-1\" \/>\n<link rel=\"canonical\" href=\"http:\/\/kurierkrakow.com\/?page_id=69\" \/>\n<meta property=\"og:locale\" content=\"en_US\" \/>\n<meta property=\"og:type\" content=\"article\" \/>\n<meta property=\"og:title\" content=\"Us\u0142ugi dla e-commerce - Kurier Krak\u00f3w Mail Boxes Etc.\" \/>\n<meta property=\"og:description\" content=\"Us\u0142ugi dla e-commerce &#8211; mikrologistyka, magazynowanie i fullfilment Fulfillment lub handling, to s\u0142owa z kt\u00f3rymi spotkasz si\u0119 prowadz\u0105c sklep internetowy. [&hellip;]\" \/>\n<meta property=\"og:url\" content=\"http:\/\/kurierkrakow.com\/?page_id=69\" \/>\n<meta property=\"og:site_name\" content=\"Kurier Krak\u00f3w Mail Boxes Etc.\" \/>\n<meta property=\"article:modified_time\" content=\"2025-11-26T20:40:02+00:00\" \/>\n<meta name=\"twitter:label1\" content=\"Est. reading time\" \/>\n\t<meta name=\"twitter:data1\" content=\"1 minute\" \/>\n<script type=\"application\/ld+json\" class=\"yoast-schema-graph\">{\"@context\":\"https:\\\/\\\/schema.org\",\"@graph\":[{\"@type\":\"WebPage\",\"@id\":\"http:\\\/\\\/kurierkrakow.com\\\/?page_id=69\",\"url\":\"http:\\\/\\\/kurierkrakow.com\\\/?page_id=69\",\"name\":\"Us\u0142ugi dla e-commerce - Kurier Krak\u00f3w Mail Boxes Etc.\",\"isPartOf\":{\"@id\":\"https:\\\/\\\/kurierkrakow.com\\\/#website\"},\"datePublished\":\"2025-11-26T20:34:20+00:00\",\"dateModified\":\"2025-11-26T20:40:02+00:00\",\"breadcrumb\":{\"@id\":\"http:\\\/\\\/kurierkrakow.com\\\/?page_id=69#breadcrumb\"},\"inLanguage\":\"en-US\",\"potentialAction\":[{\"@type\":\"ReadAction\",\"target\":[\"http:\\\/\\\/kurierkrakow.com\\\/?page_id=69\"]}]},{\"@type\":\"BreadcrumbList\",\"@id\":\"http:\\\/\\\/kurierkrakow.com\\\/?page_id=69#breadcrumb\",\"itemListElement\":[{\"@type\":\"ListItem\",\"position\":1,\"name\":\"Home\",\"item\":\"https:\\\/\\\/kurierkrakow.com\\\/\"},{\"@type\":\"ListItem\",\"position\":2,\"name\":\"Us\u0142ugi dla e-commerce\"}]},{\"@type\":\"WebSite\",\"@id\":\"https:\\\/\\\/kurierkrakow.com\\\/#website\",\"url\":\"https:\\\/\\\/kurierkrakow.com\\\/\",\"name\":\"Kurier Krak\u00f3w Mail Boxes Etc.\",\"description\":\"\",\"publisher\":{\"@id\":\"https:\\\/\\\/kurierkrakow.com\\\/#organization\"},\"potentialAction\":[{\"@type\":\"SearchAction\",\"target\":{\"@type\":\"EntryPoint\",\"urlTemplate\":\"https:\\\/\\\/kurierkrakow.com\\\/?s={search_term_string}\"},\"query-input\":{\"@type\":\"PropertyValueSpecification\",\"valueRequired\":true,\"valueName\":\"search_term_string\"}}],\"inLanguage\":\"en-US\"},{\"@type\":\"Organization\",\"@id\":\"https:\\\/\\\/kurierkrakow.com\\\/#organization\",\"name\":\"Kurier Krak\u00f3w Mail Boxes Etc.\",\"url\":\"https:\\\/\\\/kurierkrakow.com\\\/\",\"logo\":{\"@type\":\"ImageObject\",\"inLanguage\":\"en-US\",\"@id\":\"https:\\\/\\\/kurierkrakow.com\\\/#\\\/schema\\\/logo\\\/image\\\/\",\"url\":\"https:\\\/\\\/kurierkrakow.com\\\/wp-content\\\/uploads\\\/2025\\\/11\\\/mbe.jpeg\",\"contentUrl\":\"https:\\\/\\\/kurierkrakow.com\\\/wp-content\\\/uploads\\\/2025\\\/11\\\/mbe.jpeg\",\"width\":738,\"height\":738,\"caption\":\"Kurier Krak\u00f3w Mail Boxes Etc.\"},\"image\":{\"@id\":\"https:\\\/\\\/kurierkrakow.com\\\/#\\\/schema\\\/logo\\\/image\\\/\"}}]}<\/script>\n<!-- \/ Yoast SEO plugin. -->","yoast_head_json":{"title":"Us\u0142ugi dla e-commerce - Kurier Krak\u00f3w Mail Boxes Etc.","robots":{"index":"index","follow":"follow","max-snippet":"max-snippet:-1","max-image-preview":"max-image-preview:large","max-video-preview":"max-video-preview:-1"},"canonical":"http:\/\/kurierkrakow.com\/?page_id=69","og_locale":"en_US","og_type":"article","og_title":"Us\u0142ugi dla e-commerce - Kurier Krak\u00f3w Mail Boxes Etc.","og_description":"Us\u0142ugi dla e-commerce &#8211; mikrologistyka, magazynowanie i fullfilment Fulfillment lub handling, to s\u0142owa z kt\u00f3rymi spotkasz si\u0119 prowadz\u0105c sklep internetowy. [&hellip;]","og_url":"http:\/\/kurierkrakow.com\/?page_id=69","og_site_name":"Kurier Krak\u00f3w Mail Boxes Etc.","article_modified_time":"2025-11-26T20:40:02+00:00","twitter_misc":{"Est. reading time":"1 minute"},"schema":{"@context":"https:\/\/schema.org","@graph":[{"@type":"WebPage","@id":"http:\/\/kurierkrakow.com\/?page_id=69","url":"http:\/\/kurierkrakow.com\/?page_id=69","name":"Us\u0142ugi dla e-commerce - Kurier Krak\u00f3w Mail Boxes Etc.","isPartOf":{"@id":"https:\/\/kurierkrakow.com\/#website"},"datePublished":"2025-11-26T20:34:20+00:00","dateModified":"2025-11-26T20:40:02+00:00","breadcrumb":{"@id":"http:\/\/kurierkrakow.com\/?page_id=69#breadcrumb"},"inLanguage":"en-US","potentialAction":[{"@type":"ReadAction","target":["http:\/\/kurierkrakow.com\/?page_id=69"]}]},{"@type":"BreadcrumbList","@id":"http:\/\/kurierkrakow.com\/?page_id=69#breadcrumb","itemListElement":[{"@type":"ListItem","position":1,"name":"Home","item":"https:\/\/kurierkrakow.com\/"},{"@type":"ListItem","position":2,"name":"Us\u0142ugi dla e-commerce"}]},{"@type":"WebSite","@id":"https:\/\/kurierkrakow.com\/#website","url":"https:\/\/kurierkrakow.com\/","name":"Kurier Krak\u00f3w Mail Boxes Etc.","description":"","publisher":{"@id":"https:\/\/kurierkrakow.com\/#organization"},"potentialAction":[{"@type":"SearchAction","target":{"@type":"EntryPoint","urlTemplate":"https:\/\/kurierkrakow.com\/?s={search_term_string}"},"query-input":{"@type":"PropertyValueSpecification","valueRequired":true,"valueName":"search_term_string"}}],"inLanguage":"en-US"},{"@type":"Organization","@id":"https:\/\/kurierkrakow.com\/#organization","name":"Kurier Krak\u00f3w Mail Boxes Etc.","url":"https:\/\/kurierkrakow.com\/","logo":{"@type":"ImageObject","inLanguage":"en-US","@id":"https:\/\/kurierkrakow.com\/#\/schema\/logo\/image\/","url":"https:\/\/kurierkrakow.com\/wp-content\/uploads\/2025\/11\/mbe.jpeg","contentUrl":"https:\/\/kurierkrakow.com\/wp-content\/uploads\/2025\/11\/mbe.jpeg","width":738,"height":738,"caption":"Kurier Krak\u00f3w Mail Boxes Etc."},"image":{"@id":"https:\/\/kurierkrakow.com\/#\/schema\/logo\/image\/"}}]}},"_links":{"self":[{"href":"https:\/\/kurierkrakow.com\/index.php?rest_route=\/wp\/v2\/pages\/69","targetHints":{"allow":["GET"]}}],"collection":[{"href":"https:\/\/kurierkrakow.com\/index.php?rest_route=\/wp\/v2\/pages"}],"about":[{"href":"https:\/\/kurierkrakow.com\/index.php?rest_route=\/wp\/v2\/types\/page"}],"author":[{"embeddable":true,"href":"https:\/\/kurierkrakow.com\/index.php?rest_route=\/wp\/v2\/users\/1"}],"replies":[{"embeddable":true,"href":"https:\/\/kurierkrakow.com\/index.php?rest_route=%2Fwp%2Fv2%2Fcomments&post=69"}],"version-history":[{"count":7,"href":"https:\/\/kurierkrakow.com\/index.php?rest_route=\/wp\/v2\/pages\/69\/revisions"}],"predecessor-version":[{"id":109,"href":"https:\/\/kurierkrakow.com\/index.php?rest_route=\/wp\/v2\/pages\/69\/revisions\/109"}],"wp:attachment":[{"href":"https:\/\/kurierkrakow.com\/index.php?rest_route=%2Fwp%2Fv2%2Fmedia&parent=69"}],"curies":[{"name":"wp","href":"https:\/\/api.w.org\/{rel}","templated":true}]}}