{"id":74,"date":"2025-11-26T21:35:40","date_gmt":"2025-11-26T20:35:40","guid":{"rendered":"http:\/\/kurierkrakow.com\/?page_id=74"},"modified":"2025-11-26T21:40:11","modified_gmt":"2025-11-26T20:40:11","slug":"skrytki-adresowe","status":"publish","type":"page","link":"https:\/\/kurierkrakow.com\/?page_id=74","title":{"rendered":"Skrytki adresowe"},"content":{"rendered":"\t\t<div data-elementor-type=\"wp-page\" data-elementor-id=\"74\" class=\"elementor elementor-74\">\n\t\t\t\t<div class=\"elementor-element elementor-element-588ecb9 e-flex e-con-boxed e-con e-parent\" data-id=\"588ecb9\" data-element_type=\"container\" data-e-type=\"container\">\n\t\t\t\t\t<div class=\"e-con-inner\">\n\t\t\t\t<div class=\"elementor-element elementor-element-dd2781d elementor-widget elementor-widget-text-editor\" data-id=\"dd2781d\" data-element_type=\"widget\" data-e-type=\"widget\" data-widget_type=\"text-editor.default\">\n\t\t\t\t\t\t\t\t\t<h4 style=\"font-style: normal; padding: 20px 10px; background: 0px 0px repeat #eeeeee; display: inline-block; font-size: 40px; font-weight: 300; transform: rotate(-1deg); caret-color: #383838; color: #383838; font-family: 'open sans', arial, tahoma;\"><span style=\"margin: 0px; padding: 0px; color: #800000;\"><span style=\"margin: 0px; padding: 0px; color: #000000;\">Skrytki adresowe &#8211; <span style=\"margin: 0px; padding: 0px; color: #ff0000;\">Tw\u00f3j adres w Krakowie<\/span><\/span><\/span><\/h4>\n<h3>Mail Boxes Etc. \u015bwiadczy szeroki zakres us\u0142ug. Jedn\u0105 z nich jest mo\u017clwio\u015b\u0107 przekierowania korespondencji dla os\u00f3b fizycznych i umo\u017cliwianie zarejestrowania siedziby firmy w spos\u00f3b wirtualny (tj. bez konieczno\u015bci op\u0142acania fizycznego biura w Krakowie) oraz wynajem skrytek pocztowych. Jest to rozwi\u0105zanie dla wszystkich, kt\u00f3rzy marz\u0105 o otworzeniu dzia\u0142alno\u015bci bez konieczno\u015bci ponoszenia wysokich koszt\u00f3w.<\/h3>\n<p>Przypisany adres wirtualny siedziby mo\u017ce funkcjonowa\u0107 w materia\u0142ach marketingowych oraz w dokumentach znajduj\u0105cych si\u0119 w urz\u0119dach pa\u0144stwowych i bankach.<\/p>\t\t\t\t\t\t\t\t<\/div>\n\t\t\t\t\t<\/div>\n\t\t\t\t<\/div>\n\t\t\t\t<\/div>\n\t\t","protected":false},"excerpt":{"rendered":"<p>Skrytki adresowe &#8211; Tw\u00f3j adres w Krakowie Mail Boxes Etc. \u015bwiadczy szeroki zakres us\u0142ug. Jedn\u0105 z nich jest mo\u017clwio\u015b\u0107 przekierowania [&hellip;]<\/p>\n","protected":false},"author":1,"featured_media":0,"parent":0,"menu_order":0,"comment_status":"closed","ping_status":"closed","template":"","meta":{"site-sidebar-layout":"no-sidebar","site-content-layout":"","ast-site-content-layout":"full-width-container","site-content-style":"default","site-sidebar-style":"default","ast-global-header-display":"","ast-banner-title-visibility":"","ast-main-header-display":"","ast-hfb-above-header-display":"","ast-hfb-below-header-display":"","ast-hfb-mobile-header-display":"","site-post-title":"disabled","ast-breadcrumbs-content":"","ast-featured-img":"disabled","footer-sml-layout":"","ast-disable-related-posts":"","theme-transparent-header-meta":"","adv-header-id-meta":"","stick-header-meta":"","header-above-stick-meta":"","header-main-stick-meta":"","header-below-stick-meta":"","astra-migrate-meta-layouts":"default","ast-page-background-enabled":"default","ast-page-background-meta":{"desktop":{"background-color":"var(--ast-global-color-5)","background-image":"","background-repeat":"repeat","background-position":"center center","background-size":"auto","background-attachment":"scroll","background-type":"","background-media":"","overlay-type":"","overlay-color":"","overlay-opacity":"","overlay-gradient":""},"tablet":{"background-color":"","background-image":"","background-repeat":"repeat","background-position":"center center","background-size":"auto","background-attachment":"scroll","background-type":"","background-media":"","overlay-type":"","overlay-color":"","overlay-opacity":"","overlay-gradient":""},"mobile":{"background-color":"","background-image":"","background-repeat":"repeat","background-position":"center center","background-size":"auto","background-attachment":"scroll","background-type":"","background-media":"","overlay-type":"","overlay-color":"","overlay-opacity":"","overlay-gradient":""}},"ast-content-background-meta":{"desktop":{"background-color":"var(--ast-global-color-4)","background-image":"","background-repeat":"repeat","background-position":"center center","background-size":"auto","background-attachment":"scroll","background-type":"","background-media":"","overlay-type":"","overlay-color":"","overlay-opacity":"","overlay-gradient":""},"tablet":{"background-color":"var(--ast-global-color-4)","background-image":"","background-repeat":"repeat","background-position":"center center","background-size":"auto","background-attachment":"scroll","background-type":"","background-media":"","overlay-type":"","overlay-color":"","overlay-opacity":"","overlay-gradient":""},"mobile":{"background-color":"var(--ast-global-color-4)","background-image":"","background-repeat":"repeat","background-position":"center center","background-size":"auto","background-attachment":"scroll","background-type":"","background-media":"","overlay-type":"","overlay-color":"","overlay-opacity":"","overlay-gradient":""}},"footnotes":""},"class_list":["post-74","page","type-page","status-publish","hentry"],"yoast_head":"<!-- This site is optimized with the Yoast SEO plugin v27.4 - https:\/\/yoast.com\/product\/yoast-seo-wordpress\/ -->\n<title>Skrytki adresowe - Kurier Krak\u00f3w Mail Boxes Etc.<\/title>\n<meta name=\"robots\" content=\"index, follow, max-snippet:-1, max-image-preview:large, max-video-preview:-1\" \/>\n<link rel=\"canonical\" href=\"http:\/\/kurierkrakow.com\/?page_id=74\" \/>\n<meta property=\"og:locale\" content=\"en_US\" \/>\n<meta property=\"og:type\" content=\"article\" \/>\n<meta property=\"og:title\" content=\"Skrytki adresowe - Kurier Krak\u00f3w Mail Boxes Etc.\" \/>\n<meta property=\"og:description\" content=\"Skrytki adresowe &#8211; Tw\u00f3j adres w Krakowie Mail Boxes Etc. \u015bwiadczy szeroki zakres us\u0142ug. Jedn\u0105 z nich jest mo\u017clwio\u015b\u0107 przekierowania [&hellip;]\" \/>\n<meta property=\"og:url\" content=\"http:\/\/kurierkrakow.com\/?page_id=74\" \/>\n<meta property=\"og:site_name\" content=\"Kurier Krak\u00f3w Mail Boxes Etc.\" \/>\n<meta property=\"article:modified_time\" content=\"2025-11-26T20:40:11+00:00\" \/>\n<script type=\"application\/ld+json\" class=\"yoast-schema-graph\">{\"@context\":\"https:\\\/\\\/schema.org\",\"@graph\":[{\"@type\":\"WebPage\",\"@id\":\"http:\\\/\\\/kurierkrakow.com\\\/?page_id=74\",\"url\":\"http:\\\/\\\/kurierkrakow.com\\\/?page_id=74\",\"name\":\"Skrytki adresowe - Kurier Krak\u00f3w Mail Boxes Etc.\",\"isPartOf\":{\"@id\":\"https:\\\/\\\/kurierkrakow.com\\\/#website\"},\"datePublished\":\"2025-11-26T20:35:40+00:00\",\"dateModified\":\"2025-11-26T20:40:11+00:00\",\"breadcrumb\":{\"@id\":\"http:\\\/\\\/kurierkrakow.com\\\/?page_id=74#breadcrumb\"},\"inLanguage\":\"en-US\",\"potentialAction\":[{\"@type\":\"ReadAction\",\"target\":[\"http:\\\/\\\/kurierkrakow.com\\\/?page_id=74\"]}]},{\"@type\":\"BreadcrumbList\",\"@id\":\"http:\\\/\\\/kurierkrakow.com\\\/?page_id=74#breadcrumb\",\"itemListElement\":[{\"@type\":\"ListItem\",\"position\":1,\"name\":\"Home\",\"item\":\"https:\\\/\\\/kurierkrakow.com\\\/\"},{\"@type\":\"ListItem\",\"position\":2,\"name\":\"Skrytki adresowe\"}]},{\"@type\":\"WebSite\",\"@id\":\"https:\\\/\\\/kurierkrakow.com\\\/#website\",\"url\":\"https:\\\/\\\/kurierkrakow.com\\\/\",\"name\":\"Kurier Krak\u00f3w Mail Boxes Etc.\",\"description\":\"\",\"publisher\":{\"@id\":\"https:\\\/\\\/kurierkrakow.com\\\/#organization\"},\"potentialAction\":[{\"@type\":\"SearchAction\",\"target\":{\"@type\":\"EntryPoint\",\"urlTemplate\":\"https:\\\/\\\/kurierkrakow.com\\\/?s={search_term_string}\"},\"query-input\":{\"@type\":\"PropertyValueSpecification\",\"valueRequired\":true,\"valueName\":\"search_term_string\"}}],\"inLanguage\":\"en-US\"},{\"@type\":\"Organization\",\"@id\":\"https:\\\/\\\/kurierkrakow.com\\\/#organization\",\"name\":\"Kurier Krak\u00f3w Mail Boxes Etc.\",\"url\":\"https:\\\/\\\/kurierkrakow.com\\\/\",\"logo\":{\"@type\":\"ImageObject\",\"inLanguage\":\"en-US\",\"@id\":\"https:\\\/\\\/kurierkrakow.com\\\/#\\\/schema\\\/logo\\\/image\\\/\",\"url\":\"https:\\\/\\\/kurierkrakow.com\\\/wp-content\\\/uploads\\\/2025\\\/11\\\/mbe.jpeg\",\"contentUrl\":\"https:\\\/\\\/kurierkrakow.com\\\/wp-content\\\/uploads\\\/2025\\\/11\\\/mbe.jpeg\",\"width\":738,\"height\":738,\"caption\":\"Kurier Krak\u00f3w Mail Boxes Etc.\"},\"image\":{\"@id\":\"https:\\\/\\\/kurierkrakow.com\\\/#\\\/schema\\\/logo\\\/image\\\/\"}}]}<\/script>\n<!-- \/ Yoast SEO plugin. -->","yoast_head_json":{"title":"Skrytki adresowe - Kurier Krak\u00f3w Mail Boxes Etc.","robots":{"index":"index","follow":"follow","max-snippet":"max-snippet:-1","max-image-preview":"max-image-preview:large","max-video-preview":"max-video-preview:-1"},"canonical":"http:\/\/kurierkrakow.com\/?page_id=74","og_locale":"en_US","og_type":"article","og_title":"Skrytki adresowe - Kurier Krak\u00f3w Mail Boxes Etc.","og_description":"Skrytki adresowe &#8211; Tw\u00f3j adres w Krakowie Mail Boxes Etc. \u015bwiadczy szeroki zakres us\u0142ug. Jedn\u0105 z nich jest mo\u017clwio\u015b\u0107 przekierowania [&hellip;]","og_url":"http:\/\/kurierkrakow.com\/?page_id=74","og_site_name":"Kurier Krak\u00f3w Mail Boxes Etc.","article_modified_time":"2025-11-26T20:40:11+00:00","schema":{"@context":"https:\/\/schema.org","@graph":[{"@type":"WebPage","@id":"http:\/\/kurierkrakow.com\/?page_id=74","url":"http:\/\/kurierkrakow.com\/?page_id=74","name":"Skrytki adresowe - Kurier Krak\u00f3w Mail Boxes Etc.","isPartOf":{"@id":"https:\/\/kurierkrakow.com\/#website"},"datePublished":"2025-11-26T20:35:40+00:00","dateModified":"2025-11-26T20:40:11+00:00","breadcrumb":{"@id":"http:\/\/kurierkrakow.com\/?page_id=74#breadcrumb"},"inLanguage":"en-US","potentialAction":[{"@type":"ReadAction","target":["http:\/\/kurierkrakow.com\/?page_id=74"]}]},{"@type":"BreadcrumbList","@id":"http:\/\/kurierkrakow.com\/?page_id=74#breadcrumb","itemListElement":[{"@type":"ListItem","position":1,"name":"Home","item":"https:\/\/kurierkrakow.com\/"},{"@type":"ListItem","position":2,"name":"Skrytki adresowe"}]},{"@type":"WebSite","@id":"https:\/\/kurierkrakow.com\/#website","url":"https:\/\/kurierkrakow.com\/","name":"Kurier Krak\u00f3w Mail Boxes Etc.","description":"","publisher":{"@id":"https:\/\/kurierkrakow.com\/#organization"},"potentialAction":[{"@type":"SearchAction","target":{"@type":"EntryPoint","urlTemplate":"https:\/\/kurierkrakow.com\/?s={search_term_string}"},"query-input":{"@type":"PropertyValueSpecification","valueRequired":true,"valueName":"search_term_string"}}],"inLanguage":"en-US"},{"@type":"Organization","@id":"https:\/\/kurierkrakow.com\/#organization","name":"Kurier Krak\u00f3w Mail Boxes Etc.","url":"https:\/\/kurierkrakow.com\/","logo":{"@type":"ImageObject","inLanguage":"en-US","@id":"https:\/\/kurierkrakow.com\/#\/schema\/logo\/image\/","url":"https:\/\/kurierkrakow.com\/wp-content\/uploads\/2025\/11\/mbe.jpeg","contentUrl":"https:\/\/kurierkrakow.com\/wp-content\/uploads\/2025\/11\/mbe.jpeg","width":738,"height":738,"caption":"Kurier Krak\u00f3w Mail Boxes Etc."},"image":{"@id":"https:\/\/kurierkrakow.com\/#\/schema\/logo\/image\/"}}]}},"_links":{"self":[{"href":"https:\/\/kurierkrakow.com\/index.php?rest_route=\/wp\/v2\/pages\/74","targetHints":{"allow":["GET"]}}],"collection":[{"href":"https:\/\/kurierkrakow.com\/index.php?rest_route=\/wp\/v2\/pages"}],"about":[{"href":"https:\/\/kurierkrakow.com\/index.php?rest_route=\/wp\/v2\/types\/page"}],"author":[{"embeddable":true,"href":"https:\/\/kurierkrakow.com\/index.php?rest_route=\/wp\/v2\/users\/1"}],"replies":[{"embeddable":true,"href":"https:\/\/kurierkrakow.com\/index.php?rest_route=%2Fwp%2Fv2%2Fcomments&post=74"}],"version-history":[{"count":10,"href":"https:\/\/kurierkrakow.com\/index.php?rest_route=\/wp\/v2\/pages\/74\/revisions"}],"predecessor-version":[{"id":112,"href":"https:\/\/kurierkrakow.com\/index.php?rest_route=\/wp\/v2\/pages\/74\/revisions\/112"}],"wp:attachment":[{"href":"https:\/\/kurierkrakow.com\/index.php?rest_route=%2Fwp%2Fv2%2Fmedia&parent=74"}],"curies":[{"name":"wp","href":"https:\/\/api.w.org\/{rel}","templated":true}]}}