{"id":82,"date":"2025-11-26T21:36:32","date_gmt":"2025-11-26T20:36:32","guid":{"rendered":"http:\/\/kurierkrakow.com\/?page_id=82"},"modified":"2025-11-26T21:40:22","modified_gmt":"2025-11-26T20:40:22","slug":"uslugi-kurierskie","status":"publish","type":"page","link":"https:\/\/kurierkrakow.com\/?page_id=82","title":{"rendered":"Us\u0142ugi kurierskie"},"content":{"rendered":"\t\t<div data-elementor-type=\"wp-page\" data-elementor-id=\"82\" class=\"elementor elementor-82\">\n\t\t\t\t<div class=\"elementor-element elementor-element-11928ee e-flex e-con-boxed e-con e-parent\" data-id=\"11928ee\" data-element_type=\"container\" data-e-type=\"container\">\n\t\t\t\t\t<div class=\"e-con-inner\">\n\t\t\t\t<div class=\"elementor-element elementor-element-c7f50ba elementor-widget elementor-widget-text-editor\" data-id=\"c7f50ba\" data-element_type=\"widget\" data-e-type=\"widget\" data-widget_type=\"text-editor.default\">\n\t\t\t\t\t\t\t\t\t<h4 style=\"font-style: normal; padding: 20px 10px; background: 0px 0px repeat #eeeeee; display: inline-block; font-size: 40px; font-weight: 300; transform: rotate(-1deg); caret-color: #383838; color: #383838; font-family: 'open sans', arial, tahoma;\"><span style=\"margin: 0px; padding: 0px; color: #800000;\"><span style=\"margin: 0px; padding: 0px; color: #000000;\">Przesy\u0142ki krajowe i mi\u0119dzynarodzowe &#8211; <span style=\"margin: 0px; padding: 0px; color: #ff0000;\"> sprawd\u017a nasze ceny<\/span><\/span><\/span><\/h4><p>Sprawd\u017a MBE &#8211; oferujemy najatrakcyjniejsze ceny wysy\u0142ek kurierskich zagranicznych! Sami dobierzemy dla Ciebie najta\u0144szy wariant przesy\u0142ki spo\u015br\u00f3d kilku firm kurierskich. Jako jedyni na rynku oferujemy tak bogate mo\u017cliwo\u015bci!<\/p><p>Por\u00f3wnaj nas z konkurencj\u0105 i przekonaj si\u0119 sam! \u00a0 Punkt Mail Boxes Etc. oferuje szerok\u0105 palet\u0119 us\u0142ug <b>FedEx, UPS lub DHL<\/b>.<\/p><p>Wysy\u0142ki ekonomiczne i ekspresowe z gwarancj\u0105 dostarczenia nawet nast\u0119pnego dnia roboczego!<\/p><p>Pomagamy przygotowa\u0107 niezb\u0119dne dokumenty celne, nadzorowa\u0107 tras\u0119 przesy\u0142ki.Zadzwo\u0144, napisz maila lub przyjd\u017a do<\/p><h4 style=\"font-style: normal; padding: 5px 10px; background: 0px 0px repeat #eeeeee; display: inline-block; font-size: 25px; font-weight: 300; transform: rotate(-1deg); caret-color: #383838; color: #383838; font-family: 'open sans', arial, tahoma;\"><span style=\"margin: 0px; padding: 0px; color: #800000;\"><span style=\"margin: 0px; padding: 0px; color: #000000;\">Zadzwo\u0144, napisz maila lub przyjd\u017a do MBE, aby dowiedzie\u0107 si\u0119 jak tanio mo\u017cna wysy\u0142a\u0107 paczki za po\u015brednictwem najlepszych firm kurierskich na \u015bwiecie! \u00a0<\/span><\/span><\/h4><p style=\"font-style: normal; margin-bottom: 20px; caret-color: #383838; color: #383838; font-family: 'open sans', arial, tahoma; font-size: 14px;\"><span style=\"margin: 0px; padding: 0px;\">Istenieje mo\u017cliwo\u015b\u0107\u00a0<\/span>wys\u0142ania na terenie ca\u0142ego \u015bwiata r\u00f3\u017cnych przedzia\u0142\u00f3w wagowych. Cena zmienia si\u0119 z ka\u017cdym 0,5 kg, w zawi\u0105zku z tym prosimy o kontakt w celu dok\u0142adnej kalkulacji interesuj\u0105cych Pa\u0144stwa parametr\u00f3w.<\/p><p>\u00a0<\/p>\t\t\t\t\t\t\t\t<\/div>\n\t\t\t\t\t<\/div>\n\t\t\t\t<\/div>\n\t\t\t\t<\/div>\n\t\t","protected":false},"excerpt":{"rendered":"<p>Przesy\u0142ki krajowe i mi\u0119dzynarodzowe &#8211; sprawd\u017a nasze ceny Sprawd\u017a MBE &#8211; oferujemy najatrakcyjniejsze ceny wysy\u0142ek kurierskich zagranicznych! Sami dobierzemy dla [&hellip;]<\/p>\n","protected":false},"author":1,"featured_media":0,"parent":0,"menu_order":0,"comment_status":"closed","ping_status":"closed","template":"","meta":{"site-sidebar-layout":"no-sidebar","site-content-layout":"","ast-site-content-layout":"full-width-container","site-content-style":"default","site-sidebar-style":"default","ast-global-header-display":"","ast-banner-title-visibility":"","ast-main-header-display":"","ast-hfb-above-header-display":"","ast-hfb-below-header-display":"","ast-hfb-mobile-header-display":"","site-post-title":"disabled","ast-breadcrumbs-content":"","ast-featured-img":"disabled","footer-sml-layout":"","ast-disable-related-posts":"","theme-transparent-header-meta":"","adv-header-id-meta":"","stick-header-meta":"","header-above-stick-meta":"","header-main-stick-meta":"","header-below-stick-meta":"","astra-migrate-meta-layouts":"default","ast-page-background-enabled":"default","ast-page-background-meta":{"desktop":{"background-color":"var(--ast-global-color-5)","background-image":"","background-repeat":"repeat","background-position":"center center","background-size":"auto","background-attachment":"scroll","background-type":"","background-media":"","overlay-type":"","overlay-color":"","overlay-opacity":"","overlay-gradient":""},"tablet":{"background-color":"","background-image":"","background-repeat":"repeat","background-position":"center center","background-size":"auto","background-attachment":"scroll","background-type":"","background-media":"","overlay-type":"","overlay-color":"","overlay-opacity":"","overlay-gradient":""},"mobile":{"background-color":"","background-image":"","background-repeat":"repeat","background-position":"center center","background-size":"auto","background-attachment":"scroll","background-type":"","background-media":"","overlay-type":"","overlay-color":"","overlay-opacity":"","overlay-gradient":""}},"ast-content-background-meta":{"desktop":{"background-color":"var(--ast-global-color-4)","background-image":"","background-repeat":"repeat","background-position":"center center","background-size":"auto","background-attachment":"scroll","background-type":"","background-media":"","overlay-type":"","overlay-color":"","overlay-opacity":"","overlay-gradient":""},"tablet":{"background-color":"var(--ast-global-color-4)","background-image":"","background-repeat":"repeat","background-position":"center center","background-size":"auto","background-attachment":"scroll","background-type":"","background-media":"","overlay-type":"","overlay-color":"","overlay-opacity":"","overlay-gradient":""},"mobile":{"background-color":"var(--ast-global-color-4)","background-image":"","background-repeat":"repeat","background-position":"center center","background-size":"auto","background-attachment":"scroll","background-type":"","background-media":"","overlay-type":"","overlay-color":"","overlay-opacity":"","overlay-gradient":""}},"footnotes":""},"class_list":["post-82","page","type-page","status-publish","hentry"],"yoast_head":"<!-- This site is optimized with the Yoast SEO plugin v27.4 - https:\/\/yoast.com\/product\/yoast-seo-wordpress\/ -->\n<title>Us\u0142ugi kurierskie - Kurier Krak\u00f3w Mail Boxes Etc.<\/title>\n<meta name=\"robots\" content=\"index, follow, max-snippet:-1, max-image-preview:large, max-video-preview:-1\" \/>\n<link rel=\"canonical\" href=\"http:\/\/kurierkrakow.com\/?page_id=82\" \/>\n<meta property=\"og:locale\" content=\"en_US\" \/>\n<meta property=\"og:type\" content=\"article\" \/>\n<meta property=\"og:title\" content=\"Us\u0142ugi kurierskie - Kurier Krak\u00f3w Mail Boxes Etc.\" \/>\n<meta property=\"og:description\" content=\"Przesy\u0142ki krajowe i mi\u0119dzynarodzowe &#8211; sprawd\u017a nasze ceny Sprawd\u017a MBE &#8211; oferujemy najatrakcyjniejsze ceny wysy\u0142ek kurierskich zagranicznych! Sami dobierzemy dla [&hellip;]\" \/>\n<meta property=\"og:url\" content=\"http:\/\/kurierkrakow.com\/?page_id=82\" \/>\n<meta property=\"og:site_name\" content=\"Kurier Krak\u00f3w Mail Boxes Etc.\" \/>\n<meta property=\"article:modified_time\" content=\"2025-11-26T20:40:22+00:00\" \/>\n<meta name=\"twitter:label1\" content=\"Est. reading time\" \/>\n\t<meta name=\"twitter:data1\" content=\"1 minute\" \/>\n<script type=\"application\/ld+json\" class=\"yoast-schema-graph\">{\"@context\":\"https:\\\/\\\/schema.org\",\"@graph\":[{\"@type\":\"WebPage\",\"@id\":\"http:\\\/\\\/kurierkrakow.com\\\/?page_id=82\",\"url\":\"http:\\\/\\\/kurierkrakow.com\\\/?page_id=82\",\"name\":\"Us\u0142ugi kurierskie - Kurier Krak\u00f3w Mail Boxes Etc.\",\"isPartOf\":{\"@id\":\"https:\\\/\\\/kurierkrakow.com\\\/#website\"},\"datePublished\":\"2025-11-26T20:36:32+00:00\",\"dateModified\":\"2025-11-26T20:40:22+00:00\",\"breadcrumb\":{\"@id\":\"http:\\\/\\\/kurierkrakow.com\\\/?page_id=82#breadcrumb\"},\"inLanguage\":\"en-US\",\"potentialAction\":[{\"@type\":\"ReadAction\",\"target\":[\"http:\\\/\\\/kurierkrakow.com\\\/?page_id=82\"]}]},{\"@type\":\"BreadcrumbList\",\"@id\":\"http:\\\/\\\/kurierkrakow.com\\\/?page_id=82#breadcrumb\",\"itemListElement\":[{\"@type\":\"ListItem\",\"position\":1,\"name\":\"Home\",\"item\":\"https:\\\/\\\/kurierkrakow.com\\\/\"},{\"@type\":\"ListItem\",\"position\":2,\"name\":\"Us\u0142ugi kurierskie\"}]},{\"@type\":\"WebSite\",\"@id\":\"https:\\\/\\\/kurierkrakow.com\\\/#website\",\"url\":\"https:\\\/\\\/kurierkrakow.com\\\/\",\"name\":\"Kurier Krak\u00f3w Mail Boxes Etc.\",\"description\":\"\",\"publisher\":{\"@id\":\"https:\\\/\\\/kurierkrakow.com\\\/#organization\"},\"potentialAction\":[{\"@type\":\"SearchAction\",\"target\":{\"@type\":\"EntryPoint\",\"urlTemplate\":\"https:\\\/\\\/kurierkrakow.com\\\/?s={search_term_string}\"},\"query-input\":{\"@type\":\"PropertyValueSpecification\",\"valueRequired\":true,\"valueName\":\"search_term_string\"}}],\"inLanguage\":\"en-US\"},{\"@type\":\"Organization\",\"@id\":\"https:\\\/\\\/kurierkrakow.com\\\/#organization\",\"name\":\"Kurier Krak\u00f3w Mail Boxes Etc.\",\"url\":\"https:\\\/\\\/kurierkrakow.com\\\/\",\"logo\":{\"@type\":\"ImageObject\",\"inLanguage\":\"en-US\",\"@id\":\"https:\\\/\\\/kurierkrakow.com\\\/#\\\/schema\\\/logo\\\/image\\\/\",\"url\":\"https:\\\/\\\/kurierkrakow.com\\\/wp-content\\\/uploads\\\/2025\\\/11\\\/mbe.jpeg\",\"contentUrl\":\"https:\\\/\\\/kurierkrakow.com\\\/wp-content\\\/uploads\\\/2025\\\/11\\\/mbe.jpeg\",\"width\":738,\"height\":738,\"caption\":\"Kurier Krak\u00f3w Mail Boxes Etc.\"},\"image\":{\"@id\":\"https:\\\/\\\/kurierkrakow.com\\\/#\\\/schema\\\/logo\\\/image\\\/\"}}]}<\/script>\n<!-- \/ Yoast SEO plugin. -->","yoast_head_json":{"title":"Us\u0142ugi kurierskie - Kurier Krak\u00f3w Mail Boxes Etc.","robots":{"index":"index","follow":"follow","max-snippet":"max-snippet:-1","max-image-preview":"max-image-preview:large","max-video-preview":"max-video-preview:-1"},"canonical":"http:\/\/kurierkrakow.com\/?page_id=82","og_locale":"en_US","og_type":"article","og_title":"Us\u0142ugi kurierskie - Kurier Krak\u00f3w Mail Boxes Etc.","og_description":"Przesy\u0142ki krajowe i mi\u0119dzynarodzowe &#8211; sprawd\u017a nasze ceny Sprawd\u017a MBE &#8211; oferujemy najatrakcyjniejsze ceny wysy\u0142ek kurierskich zagranicznych! Sami dobierzemy dla [&hellip;]","og_url":"http:\/\/kurierkrakow.com\/?page_id=82","og_site_name":"Kurier Krak\u00f3w Mail Boxes Etc.","article_modified_time":"2025-11-26T20:40:22+00:00","twitter_misc":{"Est. reading time":"1 minute"},"schema":{"@context":"https:\/\/schema.org","@graph":[{"@type":"WebPage","@id":"http:\/\/kurierkrakow.com\/?page_id=82","url":"http:\/\/kurierkrakow.com\/?page_id=82","name":"Us\u0142ugi kurierskie - Kurier Krak\u00f3w Mail Boxes Etc.","isPartOf":{"@id":"https:\/\/kurierkrakow.com\/#website"},"datePublished":"2025-11-26T20:36:32+00:00","dateModified":"2025-11-26T20:40:22+00:00","breadcrumb":{"@id":"http:\/\/kurierkrakow.com\/?page_id=82#breadcrumb"},"inLanguage":"en-US","potentialAction":[{"@type":"ReadAction","target":["http:\/\/kurierkrakow.com\/?page_id=82"]}]},{"@type":"BreadcrumbList","@id":"http:\/\/kurierkrakow.com\/?page_id=82#breadcrumb","itemListElement":[{"@type":"ListItem","position":1,"name":"Home","item":"https:\/\/kurierkrakow.com\/"},{"@type":"ListItem","position":2,"name":"Us\u0142ugi kurierskie"}]},{"@type":"WebSite","@id":"https:\/\/kurierkrakow.com\/#website","url":"https:\/\/kurierkrakow.com\/","name":"Kurier Krak\u00f3w Mail Boxes Etc.","description":"","publisher":{"@id":"https:\/\/kurierkrakow.com\/#organization"},"potentialAction":[{"@type":"SearchAction","target":{"@type":"EntryPoint","urlTemplate":"https:\/\/kurierkrakow.com\/?s={search_term_string}"},"query-input":{"@type":"PropertyValueSpecification","valueRequired":true,"valueName":"search_term_string"}}],"inLanguage":"en-US"},{"@type":"Organization","@id":"https:\/\/kurierkrakow.com\/#organization","name":"Kurier Krak\u00f3w Mail Boxes Etc.","url":"https:\/\/kurierkrakow.com\/","logo":{"@type":"ImageObject","inLanguage":"en-US","@id":"https:\/\/kurierkrakow.com\/#\/schema\/logo\/image\/","url":"https:\/\/kurierkrakow.com\/wp-content\/uploads\/2025\/11\/mbe.jpeg","contentUrl":"https:\/\/kurierkrakow.com\/wp-content\/uploads\/2025\/11\/mbe.jpeg","width":738,"height":738,"caption":"Kurier Krak\u00f3w Mail Boxes Etc."},"image":{"@id":"https:\/\/kurierkrakow.com\/#\/schema\/logo\/image\/"}}]}},"_links":{"self":[{"href":"https:\/\/kurierkrakow.com\/index.php?rest_route=\/wp\/v2\/pages\/82","targetHints":{"allow":["GET"]}}],"collection":[{"href":"https:\/\/kurierkrakow.com\/index.php?rest_route=\/wp\/v2\/pages"}],"about":[{"href":"https:\/\/kurierkrakow.com\/index.php?rest_route=\/wp\/v2\/types\/page"}],"author":[{"embeddable":true,"href":"https:\/\/kurierkrakow.com\/index.php?rest_route=\/wp\/v2\/users\/1"}],"replies":[{"embeddable":true,"href":"https:\/\/kurierkrakow.com\/index.php?rest_route=%2Fwp%2Fv2%2Fcomments&post=82"}],"version-history":[{"count":10,"href":"https:\/\/kurierkrakow.com\/index.php?rest_route=\/wp\/v2\/pages\/82\/revisions"}],"predecessor-version":[{"id":115,"href":"https:\/\/kurierkrakow.com\/index.php?rest_route=\/wp\/v2\/pages\/82\/revisions\/115"}],"wp:attachment":[{"href":"https:\/\/kurierkrakow.com\/index.php?rest_route=%2Fwp%2Fv2%2Fmedia&parent=82"}],"curies":[{"name":"wp","href":"https:\/\/api.w.org\/{rel}","templated":true}]}}