{"id":90,"date":"2025-11-26T21:37:41","date_gmt":"2025-11-26T20:37:41","guid":{"rendered":"http:\/\/kurierkrakow.com\/?page_id=90"},"modified":"2025-11-26T21:40:35","modified_gmt":"2025-11-26T20:40:35","slug":"regulamin","status":"publish","type":"page","link":"https:\/\/kurierkrakow.com\/?page_id=90","title":{"rendered":"Regulamin"},"content":{"rendered":"\t\t<div data-elementor-type=\"wp-page\" data-elementor-id=\"90\" class=\"elementor elementor-90\">\n\t\t\t\t<div class=\"elementor-element elementor-element-7d7ee2d e-flex e-con-boxed e-con e-parent\" data-id=\"7d7ee2d\" data-element_type=\"container\" data-e-type=\"container\">\n\t\t\t\t\t<div class=\"e-con-inner\">\n\t\t\t\t<div class=\"elementor-element elementor-element-5143538 elementor-widget elementor-widget-text-editor\" data-id=\"5143538\" data-element_type=\"widget\" data-e-type=\"widget\" data-widget_type=\"text-editor.default\">\n\t\t\t\t\t\t\t\t\t<h2>Regulamin punktu Mail Boxes Etc.<\/h2><p>Klient upowa\u017cnia firm\u0119 Mai Boxes Etc. (dalej MBE) do przekazania jego\/jej paczki przewo\u017anikowi<\/p><p>UPS &#8211; regulamin znajduje si\u0119 na stronie: http\/\/www.ups.com\/pl\/pl,\u00a0<\/p><p>Fedex &#8211; regulamin znajduje si\u0119 na stronie: http:\/\/ www.fedex.com\/pl\/domestic-services\/terms\/<\/p><p>DPD &#8211; regulamin znajduje si\u0119 na stronie: https:\/\/online.dpd.com.pl,<\/p><p>InPost &#8211; regulamin znajduje si\u0119 na stronie przewo\u017anika<\/p><p>kt\u00f3ry dostarczy j\u0105 do miejsca przeznaczenia oraz do podpisania w jego\/jej imieniu odpowiedniego listu przewozowego.<\/p><p>1.Klient o\u015bwiadcza, \u017ce jest w pe\u0142ni \u015bwiadomy warunk\u00f3w spedycji odnosz\u0105cych si\u0119 do niniejszego zlecenia spedycyjnego. Przewo\u017anik mo\u017ce odm\u00f3wi\u0107 przyj\u0119cia do spedycji przesy\u0142ek zaakceptowanych wcze\u015bniejprzez MBE<\/p><p>2.MBE nie przyjmuje przesy\u0142ek, k\u00f3tre nie mog\u0105 zosta\u0107 obj\u0119te transportem przez przewo\u017anika. W zwi\u0105zku z tym, klient za\u015bwiadcza, \u017ce przewo\u017cone towary nie nale\u017c\u0105 do kategorii wy\u0142\u0105czonych z transportu przez przewo\u017anika, jak r\u00f3wnie\u017c o\u015bwiadcza, \u017ce zosta\u0142 poinformowany przez MBE o standardach pakowania w\u0142a\u015bciwych dla przewo\u017anika.<\/p><p>3.MBE ponosi odpowiedzialno\u015b\u0107 za opakowanie przewo\u017conych towar\u00f3w (je\u015bli pakowanie towaru zosta\u0142o wykonane przez MBE), jak r\u00f3wnie\u017c ich przechowanie i dostarczenie do przewo\u017anika &#8211; w przedziale warto\u015bci zadeklarowanej przez Klienta.<\/p><p>4.Za wyj\u0105tkiem sytuacji wynikaj\u0105cych z dzia\u0142ania umy\u015blnego lub ra\u017c\u0105cego zaniedbania, odpowiedzialnos\u0107 MBE reguluj\u0105 poni\u017csze warunki:<\/p><p>-MBE nie ponosi \u017cadnej odpowiedzialnosci za nieskuteczne dor\u0119czenie przyj\u0119tych przesy\u0142ek ani za utrat\u0119 lub uszkodzenie ich zawarto\u015bci z jakiegokolwiek powodu. W przypadku uszkodzenai lub utraty wy\u017cej wymienionych przesy\u0142ek, MBE b\u0119dzie odomaga\u0107 si\u0119 od przewo\u017anika, w ramach post\u0119powania pozas\u0105dowego odszkodowania w imieniu klienta. MBE nie ponosi \u017cadnej odpowiedizalno\u015bci za odmow\u0119 zap\u0142aty odszkodowania przez przewo\u017anika i nie zobowi\u0105zuje si\u0119 do dokonania zwrotu koszt\u00f3w poniesionych przez klienta. O odszkodowania za szkod\u0119 lub strat\u0119 trakture art. 788 Kodedksu |Cywilnego, art. 80 i p\u00f3\u017an Ustawy Prawo przewozowe oraz Konwencja warszawaka z dnia 12 pa\u017adziernika 1929r. wraz z p\u00f3\u017aniejszymi zmianami, dotycz\u0105cej zasad organizacji transportu lotniczego, oraz Konwencjagenewska z 19 maja 1956r. okre\u015blaj\u0105cej zasady mi\u0119dzynarodowego transportu drogowego towar\u00f3w. MBE nie ponosi \u017cadnej odpowiedzialno\u015bci za uszkodzenie przesy\u0142ek zapakowanych osobi\u015bcie przez klienta. Odpowiedzialno\u015bc przewo\u017anika za paczki zapakowane przez klienta jest odgraniczona do odpowiedzialno\u015bci z aich utrat\u0119, za wyj\u0105tkiem sytuacji, w kt\u00f3rych klient skorzysta\u0142 z us\u0142ugi &#8220;MBE Safe \\value&#8221;, je\u017celi by\u0142a ona dost\u0119pna zgodnie zustalonymi wrunkami. W przypadkuk przewozu ubezpieczonego, przewo\u017anik odpowiada za zwrot kosz\u00f3w naprawy lb wymiany w oparciu o zadeklarowan\u0105 warto\u015b\u0107 towar\u00f3w i nale\u017cycie udowodnionych przez klienta, za wyj\u0105tkiem us\u0142ugi &#8220;MBE Safe Value&#8221; okre\u015blonej specjalnymi warunkami dost\u0119pnymi pdo niniejszym adresem: http:\/\/mbe.pl\/pl\/regulamin;\u00a0<\/p><p>-MBE nie odpowiada za terminowo\u015bc dostarczenia przesy\u0142ki przez przwo\u017anika. \\wszelkie informacje udzielane przez pracownik\u00f3w MBE dotycz\u0105ce mo\u017cliwej daty dostawy stanowi\u0105 jedynie ich opini\u0119. MBE nie ponosi odpowiedzialnosci za op\u00f3\u017anienie w dostarczeniu przesy\u0142ki powsta\u0142e z winy przewo\u017anika;<\/p><p>-W przypadku przesy\u0142ki p\u0142atnej za pobraniem, MBE nie ponosi \u017cadnej odpowiedzialno\u015bci je\u015bli czek kasowy i\/lubczek bankowy oka\u017ce si\u0119 fa\u0142szywy, bez pokrycia i\/lub nieprawid\u0142owo wype\u0142niony przez odbiorc\u0119;<\/p><p>-W przypadku przesy\u0142kiobj\u0119tej podatkami, c\u0142em, op\u0142atami i\/lubinnymi kosztami zwi\u0105zanymi z transportem, takie op\u0142aty winny by\u0107 op\u0142\u0105cone przez klienta.;<\/p><p>-Je\u017celi klient wybra\u0142 wcze\u015bniej us\u0142ug\u0119 &#8220;MBE Safe Value&#8221;, MBE nie ponosi odpowiedzialno\u015bci zabrak zwrotu koszt\u00f3w z powodu niezdolno\u015bciklienta do spe\u0142nienia wymogu z\u0142o\u017cenia wymaganej dokumentacji ptrzezebnej do ewentualnego rozpatrzenia\u00a0 \u017c\u0105dania rekompensaty.\u00a0<\/p><p>5.Punkty MBE s\u0105 w\u0142asno\u015bci\u0105 niezale\u017cnych pzedsi\u0119brioc\u00f3w dzia\u0142aj\u0105cych pod wsp\u00f3ln\u0105 mark\u0105 MBE w wyniku podpisanej umowy franczyzowej.\u00a0<\/p><p>6.Podaje sie do wiadomo\u015bci nast\u0119puj\u0105ce informacje:<\/p><p>-dane s\u0105 przetwarzane poprzez ich rejestracj\u0119 i przetwarzanie na no\u015bnikach magnetycznych w celu wykonania zlecenia, pozyskania danych do cel\u00f3w statystycznych oraz w celu dystrybucji mateia\u0142\u00f3w reklamowych dotycz\u0105cych dzia\u0142alno\u015bci Mail Boxes Etc.<\/p><p>-przekazywanie danych jest opcjonalne, a jego odmowa wi\u0105\u017ce sie jedynie z rezygnacja z wykonania wy\u017cej wspomnianego zlecenia roaz otrzymywania ofert i propozycji o charakterze biznesowym.; zainteresowana strona ma prawo do bezzw\u0142ocznego uzyskania od strony zajmuj\u0105cej si\u0119 obs\u0142ug\u0105 i przetwarzaniem danych przez MBE:<\/p><p>a) potwierdzenia istnienia lub braku odnosz\u0105cych si\u0119 do niej danych osobowych oraz faktu ich ewentualnego udost\u0119pnienia;<\/p><p>b)usuni\u0119cia, przekszta\u0142cenia w form\u0119 anonimow\u0105 lub zaprzestania obs\u0142ugi danych przetwarzanych z naruszeniem prawa<\/p><p>c)zawieszenia, korekty lub, je\u015bli b\u0119dzie to w interesie kt\u00f3rejkolwiek ze stron, integracji danych;<\/p><p>d)za\u015bwiadczenia, \u017ce podmioty, kt\u00f3rym przekazano dane zosta\u0142y poinformowane o czynno\u015bciach, o kt\u00f3rych mowa w ppkt b i c, za wyj\u0105tkiem przypadk\u00f3w, w k\u00f3rych przekazanie tej informacji by\u0142oby niemo\u017cliwe lub wymaga\u0142oby u\u017cycia \u015brodk\u00f3w w\u00a0 w spos\u00f3b oczywisty nieproporcjonanlnych w stosunku do praw obj\u0119tych ochron\u0105\u00a0<\/p><p>e)informacji o tym, czy dane , kt\u00f3re mog\u0119 do sie niej odnosi\u0107, s\u0105 przetwarzane poprzez uzyskanie bezp\u0142atnego dost\u0119u do rejestru, a tak\u017ce do uzyskania zapewnienia o pe\u0142nym lub cz\u0119\u015bciowym zaprzestaniu ich przetwarzania Po\u00a0 zapoznaniu sie z powy\u017cszym, klient upowa\u017cnia ww. podmiot do przetwazania jego\/jej danych osobowych.<\/p><p>1. Zagadnienia obs\u0142ugi przesy\u0142ek kurierskich wyznaczaj\u0105 regulaminy umieszczone bezpo\u015brednio na stronie konkretnego przewo\u017anika, Regulamin og\u00f3lny punkt\u00f3w Mail Boxes Etc. dost\u0119pny na stronie www.mbe.com.pl oraz w punkcie MBE przy ul. Kr\u00f3lewskiej 51<\/p><p>2. Firma Mail Boxes Etc. nie uczestniczy w procesie transportu (nie jest przewo\u017anikiem) a jedynie po\u015bredniczy w zawarciu umowy pomi\u0119dzy klientem a firm\u0105 kuriersk\u0105.<\/p><p>3. Firma Mail Boxes Etc. nie ponosi odpowiedzialno\u015bci za przepisy i procedury celne obowi\u0105zuj\u0105ce na terenie kraju odbiorcy.<\/p><p>4. W przypadku odmowy odbioru przesy\u0142ki przez adresata, nadawca zobowi\u0105zany jest pokry\u0107 koszty powrotu paczki.<\/p><p>5. Je\u017celi firma kurierska uzna reklamacj\u0119 za podstawn\u0105 i dokona zwrotu op\u0142aty za przesy\u0142k\u0119, firma Mail Boxes Etc. potr\u0105ci 40% kwoty za obs\u0142ug\u0119 zlecenia.<\/p><p>6. Towar nie odebrany przez klienta z punktu Mail Boxes Etc. przez okres 6 miesi\u0119cy przechodzi na w\u0142asno\u015b\u0107 firmy, w\u0142a\u015bciciela punktu Mail Boxes Etc.<\/p><p>7. Klient korzystaj\u0105cy z us\u0142ug MBE akceptuje regulamin Mail Boxes Etc.\u00a0<\/p><p align=\"center\"><strong>Dane osobowe<\/strong><\/p><p>Klient przyjmuje do wiadomo\u015bci i akceptuje, \u017ce:<\/p><ul><li>wszelkie przekazane Punktowi Ob\u0142sugi MBE dane osobowe s\u0105 wykorzystywane i przechowywane w zwi\u0105zku z zawarciem i wykonaniem SOF\/GSOF, zgodnie z art.. 23 punkt 1.3 polskiej ustawy o ochronie danych osobowych,<\/li><li>administratorem danych osobowych jest Punkt Ob\u0142sugi MBE kt\u00f3remu dane s\u0105 przekazywane<\/li><li>Izabela Partyka Feniks, ul. Kr\u00f3lewska 51,30-081 Krak\u00f3w, NIP 9551013463, Regon <span id=\"MainContent_DataListEntities_spanRegon_0\">812099493<\/span><\/li><li>osoba przekazuj\u0105ca dane uzyskuje niezw\u0142ocznie prawo dost\u0119pu do swoich danych osobowych oraz prawo do ich poprawiania lub zmiany,<\/li><li>dane osobowe s\u0105 zapisywane i przetwarzane na no\u015bnikach magnetycznych i wyodr\u0119bnione dla cel\u00f3w statystycznych oraz w odniesieniu do dystrybucji materia\u0142\u00f3w reklamowych dotycz\u0105cych dzia\u0142alno\u015bci Punktu Ob\u0142sugi MBE oraz MBE Poland sp. z o.o. z siedzib\u0105 w Warszawie, jak r\u00f3wnie\u017c, \u017ce udost\u0119pnienie danych jest dobrowolne, a ka\u017cda odmowa Klienta dotycz\u0105ca przetwarzania przedmiotowych danych jest dla Punktu Ob\u0142sugi MBE wi\u0105\u017c\u0105ca. \u00a0<\/li><\/ul>\t\t\t\t\t\t\t\t<\/div>\n\t\t\t\t\t<\/div>\n\t\t\t\t<\/div>\n\t\t\t\t<\/div>\n\t\t","protected":false},"excerpt":{"rendered":"<p>Regulamin punktu Mail Boxes Etc. Klient upowa\u017cnia firm\u0119 Mai Boxes Etc. (dalej MBE) do przekazania jego\/jej paczki przewo\u017anikowi UPS &#8211; [&hellip;]<\/p>\n","protected":false},"author":1,"featured_media":0,"parent":0,"menu_order":0,"comment_status":"closed","ping_status":"closed","template":"","meta":{"site-sidebar-layout":"no-sidebar","site-content-layout":"","ast-site-content-layout":"full-width-container","site-content-style":"default","site-sidebar-style":"default","ast-global-header-display":"","ast-banner-title-visibility":"","ast-main-header-display":"","ast-hfb-above-header-display":"","ast-hfb-below-header-display":"","ast-hfb-mobile-header-display":"","site-post-title":"disabled","ast-breadcrumbs-content":"","ast-featured-img":"disabled","footer-sml-layout":"","ast-disable-related-posts":"","theme-transparent-header-meta":"","adv-header-id-meta":"","stick-header-meta":"","header-above-stick-meta":"","header-main-stick-meta":"","header-below-stick-meta":"","astra-migrate-meta-layouts":"default","ast-page-background-enabled":"default","ast-page-background-meta":{"desktop":{"background-color":"var(--ast-global-color-5)","background-image":"","background-repeat":"repeat","background-position":"center center","background-size":"auto","background-attachment":"scroll","background-type":"","background-media":"","overlay-type":"","overlay-color":"","overlay-opacity":"","overlay-gradient":""},"tablet":{"background-color":"","background-image":"","background-repeat":"repeat","background-position":"center center","background-size":"auto","background-attachment":"scroll","background-type":"","background-media":"","overlay-type":"","overlay-color":"","overlay-opacity":"","overlay-gradient":""},"mobile":{"background-color":"","background-image":"","background-repeat":"repeat","background-position":"center center","background-size":"auto","background-attachment":"scroll","background-type":"","background-media":"","overlay-type":"","overlay-color":"","overlay-opacity":"","overlay-gradient":""}},"ast-content-background-meta":{"desktop":{"background-color":"var(--ast-global-color-4)","background-image":"","background-repeat":"repeat","background-position":"center center","background-size":"auto","background-attachment":"scroll","background-type":"","background-media":"","overlay-type":"","overlay-color":"","overlay-opacity":"","overlay-gradient":""},"tablet":{"background-color":"var(--ast-global-color-4)","background-image":"","background-repeat":"repeat","background-position":"center center","background-size":"auto","background-attachment":"scroll","background-type":"","background-media":"","overlay-type":"","overlay-color":"","overlay-opacity":"","overlay-gradient":""},"mobile":{"background-color":"var(--ast-global-color-4)","background-image":"","background-repeat":"repeat","background-position":"center center","background-size":"auto","background-attachment":"scroll","background-type":"","background-media":"","overlay-type":"","overlay-color":"","overlay-opacity":"","overlay-gradient":""}},"footnotes":""},"class_list":["post-90","page","type-page","status-publish","hentry"],"yoast_head":"<!-- This site is optimized with the Yoast SEO plugin v27.4 - https:\/\/yoast.com\/product\/yoast-seo-wordpress\/ -->\n<title>Regulamin - Kurier Krak\u00f3w Mail Boxes Etc.<\/title>\n<meta name=\"robots\" content=\"index, follow, max-snippet:-1, max-image-preview:large, max-video-preview:-1\" \/>\n<link rel=\"canonical\" href=\"http:\/\/kurierkrakow.com\/?page_id=90\" \/>\n<meta property=\"og:locale\" content=\"en_US\" \/>\n<meta property=\"og:type\" content=\"article\" \/>\n<meta property=\"og:title\" content=\"Regulamin - Kurier Krak\u00f3w Mail Boxes Etc.\" \/>\n<meta property=\"og:description\" content=\"Regulamin punktu Mail Boxes Etc. Klient upowa\u017cnia firm\u0119 Mai Boxes Etc. (dalej MBE) do przekazania jego\/jej paczki przewo\u017anikowi UPS &#8211; [&hellip;]\" \/>\n<meta property=\"og:url\" content=\"http:\/\/kurierkrakow.com\/?page_id=90\" \/>\n<meta property=\"og:site_name\" content=\"Kurier Krak\u00f3w Mail Boxes Etc.\" \/>\n<meta property=\"article:modified_time\" content=\"2025-11-26T20:40:35+00:00\" \/>\n<meta name=\"twitter:label1\" content=\"Est. reading time\" \/>\n\t<meta name=\"twitter:data1\" content=\"6 minutes\" \/>\n<script type=\"application\/ld+json\" class=\"yoast-schema-graph\">{\"@context\":\"https:\\\/\\\/schema.org\",\"@graph\":[{\"@type\":\"WebPage\",\"@id\":\"http:\\\/\\\/kurierkrakow.com\\\/?page_id=90\",\"url\":\"http:\\\/\\\/kurierkrakow.com\\\/?page_id=90\",\"name\":\"Regulamin - Kurier Krak\u00f3w Mail Boxes Etc.\",\"isPartOf\":{\"@id\":\"https:\\\/\\\/kurierkrakow.com\\\/#website\"},\"datePublished\":\"2025-11-26T20:37:41+00:00\",\"dateModified\":\"2025-11-26T20:40:35+00:00\",\"breadcrumb\":{\"@id\":\"http:\\\/\\\/kurierkrakow.com\\\/?page_id=90#breadcrumb\"},\"inLanguage\":\"en-US\",\"potentialAction\":[{\"@type\":\"ReadAction\",\"target\":[\"http:\\\/\\\/kurierkrakow.com\\\/?page_id=90\"]}]},{\"@type\":\"BreadcrumbList\",\"@id\":\"http:\\\/\\\/kurierkrakow.com\\\/?page_id=90#breadcrumb\",\"itemListElement\":[{\"@type\":\"ListItem\",\"position\":1,\"name\":\"Home\",\"item\":\"https:\\\/\\\/kurierkrakow.com\\\/\"},{\"@type\":\"ListItem\",\"position\":2,\"name\":\"Regulamin\"}]},{\"@type\":\"WebSite\",\"@id\":\"https:\\\/\\\/kurierkrakow.com\\\/#website\",\"url\":\"https:\\\/\\\/kurierkrakow.com\\\/\",\"name\":\"Kurier Krak\u00f3w Mail Boxes Etc.\",\"description\":\"\",\"publisher\":{\"@id\":\"https:\\\/\\\/kurierkrakow.com\\\/#organization\"},\"potentialAction\":[{\"@type\":\"SearchAction\",\"target\":{\"@type\":\"EntryPoint\",\"urlTemplate\":\"https:\\\/\\\/kurierkrakow.com\\\/?s={search_term_string}\"},\"query-input\":{\"@type\":\"PropertyValueSpecification\",\"valueRequired\":true,\"valueName\":\"search_term_string\"}}],\"inLanguage\":\"en-US\"},{\"@type\":\"Organization\",\"@id\":\"https:\\\/\\\/kurierkrakow.com\\\/#organization\",\"name\":\"Kurier Krak\u00f3w Mail Boxes Etc.\",\"url\":\"https:\\\/\\\/kurierkrakow.com\\\/\",\"logo\":{\"@type\":\"ImageObject\",\"inLanguage\":\"en-US\",\"@id\":\"https:\\\/\\\/kurierkrakow.com\\\/#\\\/schema\\\/logo\\\/image\\\/\",\"url\":\"https:\\\/\\\/kurierkrakow.com\\\/wp-content\\\/uploads\\\/2025\\\/11\\\/mbe.jpeg\",\"contentUrl\":\"https:\\\/\\\/kurierkrakow.com\\\/wp-content\\\/uploads\\\/2025\\\/11\\\/mbe.jpeg\",\"width\":738,\"height\":738,\"caption\":\"Kurier Krak\u00f3w Mail Boxes Etc.\"},\"image\":{\"@id\":\"https:\\\/\\\/kurierkrakow.com\\\/#\\\/schema\\\/logo\\\/image\\\/\"}}]}<\/script>\n<!-- \/ Yoast SEO plugin. -->","yoast_head_json":{"title":"Regulamin - Kurier Krak\u00f3w Mail Boxes Etc.","robots":{"index":"index","follow":"follow","max-snippet":"max-snippet:-1","max-image-preview":"max-image-preview:large","max-video-preview":"max-video-preview:-1"},"canonical":"http:\/\/kurierkrakow.com\/?page_id=90","og_locale":"en_US","og_type":"article","og_title":"Regulamin - Kurier Krak\u00f3w Mail Boxes Etc.","og_description":"Regulamin punktu Mail Boxes Etc. Klient upowa\u017cnia firm\u0119 Mai Boxes Etc. (dalej MBE) do przekazania jego\/jej paczki przewo\u017anikowi UPS &#8211; [&hellip;]","og_url":"http:\/\/kurierkrakow.com\/?page_id=90","og_site_name":"Kurier Krak\u00f3w Mail Boxes Etc.","article_modified_time":"2025-11-26T20:40:35+00:00","twitter_misc":{"Est. reading time":"6 minutes"},"schema":{"@context":"https:\/\/schema.org","@graph":[{"@type":"WebPage","@id":"http:\/\/kurierkrakow.com\/?page_id=90","url":"http:\/\/kurierkrakow.com\/?page_id=90","name":"Regulamin - Kurier Krak\u00f3w Mail Boxes Etc.","isPartOf":{"@id":"https:\/\/kurierkrakow.com\/#website"},"datePublished":"2025-11-26T20:37:41+00:00","dateModified":"2025-11-26T20:40:35+00:00","breadcrumb":{"@id":"http:\/\/kurierkrakow.com\/?page_id=90#breadcrumb"},"inLanguage":"en-US","potentialAction":[{"@type":"ReadAction","target":["http:\/\/kurierkrakow.com\/?page_id=90"]}]},{"@type":"BreadcrumbList","@id":"http:\/\/kurierkrakow.com\/?page_id=90#breadcrumb","itemListElement":[{"@type":"ListItem","position":1,"name":"Home","item":"https:\/\/kurierkrakow.com\/"},{"@type":"ListItem","position":2,"name":"Regulamin"}]},{"@type":"WebSite","@id":"https:\/\/kurierkrakow.com\/#website","url":"https:\/\/kurierkrakow.com\/","name":"Kurier Krak\u00f3w Mail Boxes Etc.","description":"","publisher":{"@id":"https:\/\/kurierkrakow.com\/#organization"},"potentialAction":[{"@type":"SearchAction","target":{"@type":"EntryPoint","urlTemplate":"https:\/\/kurierkrakow.com\/?s={search_term_string}"},"query-input":{"@type":"PropertyValueSpecification","valueRequired":true,"valueName":"search_term_string"}}],"inLanguage":"en-US"},{"@type":"Organization","@id":"https:\/\/kurierkrakow.com\/#organization","name":"Kurier Krak\u00f3w Mail Boxes Etc.","url":"https:\/\/kurierkrakow.com\/","logo":{"@type":"ImageObject","inLanguage":"en-US","@id":"https:\/\/kurierkrakow.com\/#\/schema\/logo\/image\/","url":"https:\/\/kurierkrakow.com\/wp-content\/uploads\/2025\/11\/mbe.jpeg","contentUrl":"https:\/\/kurierkrakow.com\/wp-content\/uploads\/2025\/11\/mbe.jpeg","width":738,"height":738,"caption":"Kurier Krak\u00f3w Mail Boxes Etc."},"image":{"@id":"https:\/\/kurierkrakow.com\/#\/schema\/logo\/image\/"}}]}},"_links":{"self":[{"href":"https:\/\/kurierkrakow.com\/index.php?rest_route=\/wp\/v2\/pages\/90","targetHints":{"allow":["GET"]}}],"collection":[{"href":"https:\/\/kurierkrakow.com\/index.php?rest_route=\/wp\/v2\/pages"}],"about":[{"href":"https:\/\/kurierkrakow.com\/index.php?rest_route=\/wp\/v2\/types\/page"}],"author":[{"embeddable":true,"href":"https:\/\/kurierkrakow.com\/index.php?rest_route=\/wp\/v2\/users\/1"}],"replies":[{"embeddable":true,"href":"https:\/\/kurierkrakow.com\/index.php?rest_route=%2Fwp%2Fv2%2Fcomments&post=90"}],"version-history":[{"count":7,"href":"https:\/\/kurierkrakow.com\/index.php?rest_route=\/wp\/v2\/pages\/90\/revisions"}],"predecessor-version":[{"id":118,"href":"https:\/\/kurierkrakow.com\/index.php?rest_route=\/wp\/v2\/pages\/90\/revisions\/118"}],"wp:attachment":[{"href":"https:\/\/kurierkrakow.com\/index.php?rest_route=%2Fwp%2Fv2%2Fmedia&parent=90"}],"curies":[{"name":"wp","href":"https:\/\/api.w.org\/{rel}","templated":true}]}}